{"id":9,"date":"2016-08-06T14:24:27","date_gmt":"2016-08-06T13:24:27","guid":{"rendered":"http:\/\/www.alain-lefebvre-psychologue.fr\/blog\/?page_id=9"},"modified":"2025-09-08T14:47:16","modified_gmt":"2025-09-08T13:47:16","slug":"consultations","status":"publish","type":"page","link":"https:\/\/alain-lefebvre-psychologue.com\/index.php\/consultations\/","title":{"rendered":"Tarifs"},"content":{"rendered":"<p>&#8211; <strong><u>En cabinet sur rdv<\/u><\/strong> <strong>: <\/strong>(<a href=\"https:\/\/www.doctolib.fr\/psychologue\/paris\/alain-lefebvre-new\">rdv Doctolib&rsquo;<\/a> <strong>\/<\/strong><a href=\"http:\/\/alain-lefebvre-psychologue.fr\/index.php\/contacts-paiements\/\">Contact\/Rappel gratuit<\/a>)<\/p>\n<p>&#8211; \u00e0 Paris 13<sup>\u00e8me<\/sup> \u2013 M\u00b0 Olympiade, Pte d&rsquo;Ivry, Place d\u2019Italie ou Tolbiac<\/p>\n<p>Du lundi au samedi de 9h \u00e0 21h.<br \/>\nTarif : 100\u20ac\/h (Esp\u00e8ces ou ch\u00e8ques)<\/p>\n<p style=\"text-align: justify;\">&#8211;\u00a0 <strong><u>Par t\u00e9l\u00e9phone, skype ou vid\u00e9oconsultation sur rdv <\/u><\/strong>***<strong> :<\/strong> me contacter par t\u00e9l\u00e9phone ou cliquez sur <a href=\"http:\/\/alain-lefebvre-psychologue.fr\/index.php\/contacts-paiements\/\">Contact<\/a> pour un rdv ou encore prenez rdv via <a href=\"https:\/\/www.doctolib.fr\/psychologue\/paris\/alain-lefebvre-new\">Doctolib&rsquo;.<\/a><br \/>\nTarif : 100\u20ac\/h<\/p>\n<p style=\"text-align: justify;\">&#8211;\u00a0<strong style=\"text-align: center;\"><span style=\"text-decoration: underline;\"> Par t\u00e9l\u00e9phone sans rdv<\/span> : <\/strong>horaires variables \u00e0 consulter sur la plateforme d\u2019appels<a href=\"http:\/\/www.wengo.fr\/psycho\/alain-lefebvre-psychologue-clinicien-2043384.htm#\"><strong> Wengo.<\/strong><\/a><br \/>\nTarif : <span class=\"monetic-service-decimal\">40<\/span><span class=\"monetic-service-currency\">\u20ac<\/span><span class=\"monetic-service-ttc\">\/<\/span>30min puis\u00a02.25\u20ac\/min<\/p>\n<p style=\"text-align: justify;\">&#8211;\u00a0 <strong><u>A domicile<\/u>\u00a0:<\/strong> d\u00e9placement \u00e0 Paris intra-muros et petite couronne.<br \/>\nTarif : 160\u20ac\/h<\/p>\n<div id=\"yui_3_16_0_ym19_1_1477058209523_32382\">\n<hr \/>\n<p id=\"yui_3_16_0_ym19_1_1477058209523_32403\" class=\"yiv7358416130MsoNormal\" style=\"text-align: justify;\"><span id=\"yui_3_16_0_ym19_1_1477058209523_32402\"><strong>Tarifs variables en fonction des formules choisies, am\u00e9nageables selon votre situation (\u00e9tudiants, faibles revenus, ch\u00f4meurs&#8230;).<\/strong> N\u2019h\u00e9sitez pas \u00e0 me <a href=\"http:\/\/alain-lefebvre-psychologue.fr\/index.php\/contacts-paiements\/\">joindre<\/a> pour plus de pr\u00e9cisions par formulaire ou par t\u00e9l\u00e9phone.<br \/>\n<\/span><\/p>\n<hr \/>\n<p id=\"yui_3_16_0_ym19_1_1477058209523_32416\" class=\"yiv7358416130xmsonormal\" style=\"text-align: justify;\"><span style=\"color: #000000;\">***<span style=\"text-decoration: underline;\">Rdv par t\u00e9l\u00e9phone, comment proc\u00e9der?<\/span><\/span><\/p>\n<p id=\"yui_3_16_0_ym19_1_1477058209523_32425\" class=\"yiv7358416130xmsonormal\" style=\"text-align: justify;\"><span id=\"yui_3_16_0_ym19_1_1477058209523_32424\" style=\"color: #000000;\">\u2013 Vous pouvez me contacter une premi\u00e8re fois pour exprimer votre probl\u00e8me actuel, obtenir plus d\u2019informations. Nous pourrons d\u00e9finir ensemble ce qui vous convient le mieux.<\/span><\/p>\n<p id=\"yui_3_16_0_ym19_1_1477058209523_32425\" class=\"yiv7358416130xmsonormal\" style=\"text-align: justify;\">\u00a0<span id=\"yui_3_16_0_ym19_1_1477058209523_32424\" style=\"color: #000000;\">&#8211; Nous fixons un rendez-vous et vous proc\u00e9dez au r\u00e8glement pr\u00e9alable de votre s\u00e9ance soit au cabinet, ou par virement bancaire, <a style=\"color: #000000;\" href=\"http:\/\/alain-lefebvre-psychologue.fr\/index.php\/contacts-paiements\/\" target=\"_blank\" rel=\"nofollow noopener noreferrer\"> Paypal<\/a>, Mandat cash La Poste, ou par ch\u00e8que (en tenant compte des d\u00e9lais de confirmation de paiement selon le mode choisi).<\/span><\/p>\n<\/div>\n<div id=\"yui_3_16_0_ym19_1_1477058209523_32382\">\n<p id=\"yui_3_16_0_ym19_1_1477058209523_32418\" class=\"yiv7358416130xmsonormal\" style=\"text-align: justify;\">&#8211; Puis vous me t\u00e9l\u00e9phonez \u00e0 l\u2019heure dite de notre rendez-vous, sauf si vous pr\u00e9f\u00e9rez que je vous appelle. Assurez-vous d\u2019\u00eatre dans un endroit calme o\u00f9 vous ne serez pas d\u00e9rang\u00e9(e) pendant le temps de la s\u00e9ance.<\/p>\n<\/div>\n<hr \/>\n<div id=\"yui_3_16_0_ym19_1_1477058209523_32382\">\n<p id=\"yui_3_16_0_ym19_1_1477058209523_32425\" class=\"yiv7358416130xmsonormal\" style=\"text-align: justify;\"><span id=\"yui_3_16_0_ym19_1_1477058209523_32424\">Id\u00e9alement, je conseille autant que possible, une rencontre en face \u00e0 face aux patients souhaitant commencer un travail th\u00e9rapeutique, ce qui fait sens pour une psychoth\u00e9rapie, le corps exprimant aussi des \u00e9l\u00e9ments dont nous n\u2019avons pas forc\u00e9ment conscience. Un r\u00e9el entretien reste le plus riche apport d\u2019indications perceptibles instantan\u00e9ment.<\/span><\/p>\n<p id=\"yui_3_16_0_ym19_1_1477058209523_32448\" class=\"yiv7358416130xmsonormal\" style=\"text-align: justify;\"><span id=\"yui_3_16_0_ym19_1_1477058209523_32450\">Par t\u00e9l\u00e9phone, il y a davantage de disponibilit\u00e9s avec des horaires plus flexibles et pour un accompagnement sans limite g\u00e9ographique. C\u2019est \u00e9galement une bonne alternative de soutien pour les patients d\u00e9j\u00e0 suivis en cabinet. En outre cela permet d\u2019aborder favorablement une phobie sociale tr\u00e8s install\u00e9e.<\/span><\/p>\n<p id=\"yui_3_16_0_ym19_1_1477058209523_32428\" class=\"yiv7358416130xmsonormal\" style=\"text-align: justify;\"><span id=\"yui_3_16_0_ym19_1_1477058209523_32427\">Les consultations \u00e0 domicile sont principalement r\u00e9serv\u00e9es aux personnes habitant Paris qui \u00e9prouveraient de r\u00e9elles difficult\u00e9s pour se d\u00e9placer, et d\u00e9sirant privil\u00e9gier le contact.<\/span><\/p>\n<hr \/>\n<p id=\"yui_3_16_0_ym19_1_1477058209523_33359\" class=\"yiv0443785674MsoNormal\"><span id=\"yui_3_16_0_ym19_1_1477058209523_33342\">Les rendez-vous sont valid\u00e9s une fois le paiement effectu\u00e9<\/span>. <span id=\"yui_3_16_0_ym19_1_1477058209523_33357\">Pass\u00e9 un d\u00e9lai de 48h, sauf cas de force majeure, tout rdv non annul\u00e9 sera consid\u00e9r\u00e9 comme d\u00fb.<\/span><\/p>\n<\/div>\n<hr \/>\n<p><strong><a href=\"http:\/\/alain-lefebvre-psychologue.fr\/index.php\/ma-pratique\/\">Ma pratique<\/a><\/strong><\/p>\n<p style=\"text-align: justify;\"><strong><a href=\"http:\/\/alain-lefebvre-psychologue.fr\/index.php\/contacts-paiements\/\">Contact<\/a><\/strong><\/p>\n<p><img loading=\"lazy\" decoding=\"async\" class=\"aligncenter wp-image-438 size-full\" src=\"https:\/\/alain-lefebvre-psychologue.com\/wp-content\/uploads\/2016\/08\/lightinforest.jpg\" alt=\"lightinforest\" width=\"800\" height=\"400\" srcset=\"https:\/\/alain-lefebvre-psychologue.com\/wp-content\/uploads\/2016\/08\/lightinforest.jpg 800w, https:\/\/alain-lefebvre-psychologue.com\/wp-content\/uploads\/2016\/08\/lightinforest-300x150.jpg 300w, https:\/\/alain-lefebvre-psychologue.com\/wp-content\/uploads\/2016\/08\/lightinforest-768x384.jpg 768w\" sizes=\"auto, (max-width: 800px) 100vw, 800px\" \/><\/p>\n","protected":false},"excerpt":{"rendered":"<p>&#8211; En cabinet sur rdv : (rdv Doctolib&rsquo; \/Contact\/Rappel gratuit) &#8211; \u00e0 Paris 13\u00e8me \u2013 M\u00b0 Olympiade, Pte d&rsquo;Ivry, Place d\u2019Italie ou Tolbiac Du lundi au samedi de 9h \u00e0 21h. Tarif : 100\u20ac\/h (Esp\u00e8ces ou ch\u00e8ques) &#8211;\u00a0 Par t\u00e9l\u00e9phone, skype ou vid\u00e9oconsultation sur rdv *** : me contacter par t\u00e9l\u00e9phone ou cliquez sur Contact [&hellip;]<\/p>\n","protected":false},"author":1,"featured_media":0,"parent":0,"menu_order":0,"comment_status":"closed","ping_status":"closed","template":"full-width-page-template.php","meta":{"footnotes":""},"class_list":["post-9","page","type-page","status-publish","hentry"],"_links":{"self":[{"href":"https:\/\/alain-lefebvre-psychologue.com\/index.php\/wp-json\/wp\/v2\/pages\/9","targetHints":{"allow":["GET"]}}],"collection":[{"href":"https:\/\/alain-lefebvre-psychologue.com\/index.php\/wp-json\/wp\/v2\/pages"}],"about":[{"href":"https:\/\/alain-lefebvre-psychologue.com\/index.php\/wp-json\/wp\/v2\/types\/page"}],"author":[{"embeddable":true,"href":"https:\/\/alain-lefebvre-psychologue.com\/index.php\/wp-json\/wp\/v2\/users\/1"}],"replies":[{"embeddable":true,"href":"https:\/\/alain-lefebvre-psychologue.com\/index.php\/wp-json\/wp\/v2\/comments?post=9"}],"version-history":[{"count":152,"href":"https:\/\/alain-lefebvre-psychologue.com\/index.php\/wp-json\/wp\/v2\/pages\/9\/revisions"}],"predecessor-version":[{"id":885,"href":"https:\/\/alain-lefebvre-psychologue.com\/index.php\/wp-json\/wp\/v2\/pages\/9\/revisions\/885"}],"wp:attachment":[{"href":"https:\/\/alain-lefebvre-psychologue.com\/index.php\/wp-json\/wp\/v2\/media?parent=9"}],"curies":[{"name":"wp","href":"https:\/\/api.w.org\/{rel}","templated":true}]}}