{"id":721,"date":"2018-10-17T12:05:01","date_gmt":"2018-10-17T11:05:01","guid":{"rendered":"http:\/\/www.alain-lefebvre-psychologue.fr\/?page_id=721"},"modified":"2024-11-27T22:24:43","modified_gmt":"2024-11-27T21:24:43","slug":"emdr","status":"publish","type":"page","link":"https:\/\/alain-lefebvre-psychologue.com\/index.php\/emdr\/","title":{"rendered":"EMDR"},"content":{"rendered":"<p style=\"text-align: justify;\">Les initiales <strong>EMDR<\/strong> signifient \u00ab\u00a0Eyes Movements Desensitization and Reprocessing\u00a0\u00bb (D\u00e9sensibilisation et Retraitement par Mouvements Oculaires ou \u00ab\u00a0R\u00e9solution des traumatismes et des blocages par l&rsquo;int\u00e9gration neuro-\u00e9motionnelle\u00a0\u00bb). C\u2019est un \u00ab\u00a0traitement adaptatif de l\u2019information\u00a0\u00bb qui utilise le syst\u00e8me r\u00e9gulateur naturel du cerveau \u00e0 partir de stimulations altern\u00e9es des yeux ou par \u00ab\u00a0tapping\u00a0\u00bb (stimulation tactile par tapotements sur les genoux ou les mains du patient). C\u2019est un processus associatif qui permet de restaurer des connexions neurophysiologiques adapt\u00e9es.<\/p>\n<p><img loading=\"lazy\" decoding=\"async\" class=\"alignleft wp-image-724 size-medium\" src=\"https:\/\/alain-lefebvre-psychologue.com\/wp-content\/uploads\/2018\/10\/Le-cerveau-humain-300x200.jpg\" alt=\"\" width=\"300\" height=\"200\" srcset=\"https:\/\/alain-lefebvre-psychologue.com\/wp-content\/uploads\/2018\/10\/Le-cerveau-humain-300x200.jpg 300w, https:\/\/alain-lefebvre-psychologue.com\/wp-content\/uploads\/2018\/10\/Le-cerveau-humain-768x512.jpg 768w, https:\/\/alain-lefebvre-psychologue.com\/wp-content\/uploads\/2018\/10\/Le-cerveau-humain.jpg 1024w, https:\/\/alain-lefebvre-psychologue.com\/wp-content\/uploads\/2018\/10\/Le-cerveau-humain-900x599.jpg 900w\" sizes=\"auto, (max-width: 300px) 100vw, 300px\" \/><\/p>\n<p style=\"text-align: justify;\">Cette technique est tr\u00e8s efficace pour soigner des personnes (adultes et enfants) qui souffrent de traumatismes (agressions physiques et morales, accidents, abus sexuels, catastrophes naturelles, attentats, guerres, etc.) ou des suites d\u2019\u00e9v\u00e9nements douloureux (licenciement, difficult\u00e9s professionnels, s\u00e9paration difficile, deuil, &#8230;).<\/p>\n<p><img loading=\"lazy\" decoding=\"async\" class=\"alignright wp-image-723 size-medium\" src=\"https:\/\/alain-lefebvre-psychologue.com\/wp-content\/uploads\/2018\/10\/imageECM-300x193.jpg\" alt=\"\" width=\"300\" height=\"193\" srcset=\"https:\/\/alain-lefebvre-psychologue.com\/wp-content\/uploads\/2018\/10\/imageECM-300x193.jpg 300w, https:\/\/alain-lefebvre-psychologue.com\/wp-content\/uploads\/2018\/10\/imageECM.jpg 768w\" sizes=\"auto, (max-width: 300px) 100vw, 300px\" \/><\/p>\n<p style=\"text-align: justify;\">A fortiori, cette approche est \u00e9galement tr\u00e8s efficace pour la d\u00e9pression, les attaques de panique, phobies et TOC (troubles obsessionnels compulsifs), les troubles psychosomatiques, les addictions (toxicomanie, alcoolisme), et TCA (troubles du comportement alimentaire, anorexie, boulimie), etc.<\/p>\n<p style=\"text-align: justify;\">L\u2019efficacit\u00e9 de l\u2019EMDR a \u00e9t\u00e9 reconnue par de nombreuses autorit\u00e9s sanitaires de par le monde depuis 1989 et, en France, David Servan-Schreiber a contribu\u00e9 \u00e0 la faire conna\u00eetre du grand public dans son livre \u00ab\u00a0Gu\u00e9rir\u00a0\u00bb.<\/p>\n<p>Vous pouvez trouver des vid\u00e9os explicatives pour les enfants sur ces liens:<\/p>\n<p>https:\/\/vimeo.com\/216831731\/6cf1999603<\/p>\n<p>https:\/\/vimeo.com\/216831934\/4e69d1681a<\/p>\n<p>Une autre vid\u00e9o explique clairement l&rsquo;impact d&rsquo;une blessure \u00e9motionnelle ou d&rsquo;un traumatisme et de la formation r\u00e9actionnelle qui au d\u00e9part est une d\u00e9fense et comment cela peut amener des comportements troubl\u00e9s:<\/p>\n<p class=\"title style-scope ytd-video-primary-info-renderer\"><a href=\"https:\/\/www.youtube.com\/watch?v=weAQzjtxNPE\" target=\"_blank\" rel=\"noopener\"><span style=\"color: #ff0000;\">Quand une m\u00e9moire traumatique est r\u00e9activ\u00e9e<\/span><\/a><\/p>\n<p>L&rsquo;EMDR est un outil pr\u00e9cieux pour att\u00e9nuer, si ce n&rsquo;est dissoudre, ces parties \u00e9motionnelles envahissantes et ses parties protectrices qui avec ce nouveau traitement de l&rsquo;information n&rsquo;a plus lieu d&rsquo;\u00eatre, permettant alors de retrouver \u00e9quilibre et bien-\u00eatre&#8230;<\/p>\n<p>Pour me contacter: 06.32.16.47.99 ou par mail: <strong><a href=\"http:\/\/alain-lefebvre-psychologue.fr\/index.php\/contacts-paiements\/\">Contact\/Rappel gratuit<\/a><\/strong><\/p>\n<p>ou RDV via Doctolib&rsquo; en cliquant <a href=\"https:\/\/www.doctolib.fr\/psychologue\/paris\/alain-lefebvre-new\">ICI<\/a>.<\/p>\n<p><img loading=\"lazy\" decoding=\"async\" class=\"aligncenter wp-image-725 size-full\" src=\"https:\/\/alain-lefebvre-psychologue.com\/wp-content\/uploads\/2018\/10\/\u00e9nergiephoto.jpg\" alt=\"\" width=\"415\" height=\"311\" srcset=\"https:\/\/alain-lefebvre-psychologue.com\/wp-content\/uploads\/2018\/10\/\u00e9nergiephoto.jpg 415w, https:\/\/alain-lefebvre-psychologue.com\/wp-content\/uploads\/2018\/10\/\u00e9nergiephoto-300x225.jpg 300w\" sizes=\"auto, (max-width: 415px) 100vw, 415px\" \/><\/p>\n","protected":false},"excerpt":{"rendered":"<p>Les initiales EMDR signifient \u00ab\u00a0Eyes Movements Desensitization and Reprocessing\u00a0\u00bb (D\u00e9sensibilisation et Retraitement par Mouvements Oculaires ou \u00ab\u00a0R\u00e9solution des traumatismes et des blocages par l&rsquo;int\u00e9gration neuro-\u00e9motionnelle\u00a0\u00bb). C\u2019est un \u00ab\u00a0traitement adaptatif de l\u2019information\u00a0\u00bb qui utilise le syst\u00e8me r\u00e9gulateur naturel du cerveau \u00e0 partir de stimulations altern\u00e9es des yeux ou par \u00ab\u00a0tapping\u00a0\u00bb (stimulation tactile par tapotements sur les [&hellip;]<\/p>\n","protected":false},"author":1,"featured_media":0,"parent":0,"menu_order":0,"comment_status":"closed","ping_status":"closed","template":"full-width-page-template.php","meta":{"footnotes":""},"class_list":["post-721","page","type-page","status-publish","hentry"],"_links":{"self":[{"href":"https:\/\/alain-lefebvre-psychologue.com\/index.php\/wp-json\/wp\/v2\/pages\/721","targetHints":{"allow":["GET"]}}],"collection":[{"href":"https:\/\/alain-lefebvre-psychologue.com\/index.php\/wp-json\/wp\/v2\/pages"}],"about":[{"href":"https:\/\/alain-lefebvre-psychologue.com\/index.php\/wp-json\/wp\/v2\/types\/page"}],"author":[{"embeddable":true,"href":"https:\/\/alain-lefebvre-psychologue.com\/index.php\/wp-json\/wp\/v2\/users\/1"}],"replies":[{"embeddable":true,"href":"https:\/\/alain-lefebvre-psychologue.com\/index.php\/wp-json\/wp\/v2\/comments?post=721"}],"version-history":[{"count":13,"href":"https:\/\/alain-lefebvre-psychologue.com\/index.php\/wp-json\/wp\/v2\/pages\/721\/revisions"}],"predecessor-version":[{"id":872,"href":"https:\/\/alain-lefebvre-psychologue.com\/index.php\/wp-json\/wp\/v2\/pages\/721\/revisions\/872"}],"wp:attachment":[{"href":"https:\/\/alain-lefebvre-psychologue.com\/index.php\/wp-json\/wp\/v2\/media?parent=721"}],"curies":[{"name":"wp","href":"https:\/\/api.w.org\/{rel}","templated":true}]}}