{"id":485,"date":"2017-11-08T13:41:18","date_gmt":"2017-11-08T12:41:18","guid":{"rendered":"http:\/\/www.alain-lefebvre-psychologue.fr\/?page_id=485"},"modified":"2024-11-27T22:20:54","modified_gmt":"2024-11-27T21:20:54","slug":"reequilibrage-emotionnel","status":"publish","type":"page","link":"https:\/\/alain-lefebvre-psychologue.com\/index.php\/reequilibrage-emotionnel\/","title":{"rendered":"R\u00e9\u00e9quilibrage \u00e9motionnel"},"content":{"rendered":"<p style=\"text-align: justify;\"><img loading=\"lazy\" decoding=\"async\" class=\"alignleft wp-image-530\" src=\"https:\/\/alain-lefebvre-psychologue.com\/wp-content\/uploads\/2017\/11\/Sophro-300x125.jpg\" alt=\"\" width=\"336\" height=\"140\" srcset=\"https:\/\/alain-lefebvre-psychologue.com\/wp-content\/uploads\/2017\/11\/Sophro-300x125.jpg 300w, https:\/\/alain-lefebvre-psychologue.com\/wp-content\/uploads\/2017\/11\/Sophro-768x320.jpg 768w, https:\/\/alain-lefebvre-psychologue.com\/wp-content\/uploads\/2017\/11\/Sophro-1024x427.jpg 1024w, https:\/\/alain-lefebvre-psychologue.com\/wp-content\/uploads\/2017\/11\/Sophro-900x375.jpg 900w, https:\/\/alain-lefebvre-psychologue.com\/wp-content\/uploads\/2017\/11\/Sophro.jpg 1200w\" sizes=\"auto, (max-width: 336px) 100vw, 336px\" \/><\/p>\n<p style=\"text-align: justify;\">L\u2019\u00e9nerg\u00e9tique est un vaste ensemble de moyens th\u00e9rapeutiques bas\u00e9 sur la connaissance des corps \u00e9nerg\u00e9tiques. Consciemment ou non, nous \u00e9voluons dans nos vies avec nos m\u00e9moires qui peuvent \u00eatre douloureuses, nos m\u00e9canismes mentaux, nos croyances, nos liens trans-g\u00e9n\u00e9rationnels&#8230; Tous ces aspects nous conditionnent et d\u00e9terminent en parties nos comportements, nos r\u00e9actions \u00e9motionnelles, et les r\u00e9actions de notre corps physique \u00e0 travers divers probl\u00e8mes de sant\u00e9. Ces sch\u00e9mas et tous les filtres que nous mettons en place par nos diff\u00e9rentes exp\u00e9riences et apprentissages ont tendances, avec le principe de l\u2019hom\u00e9ostasie,\u00a0 \u00e0 se r\u00e9p\u00e9ter, \u00e0 se bloquer et peuvent amener des pathologies.<br \/>\nJ\u2019ai pu m\u2019orienter vers la psychologie et les soins \u00e9nerg\u00e9tiques avec diff\u00e9rents<img loading=\"lazy\" decoding=\"async\" class=\"alignright wp-image-531\" src=\"https:\/\/alain-lefebvre-psychologue.com\/wp-content\/uploads\/2017\/11\/white-dove-300x230.jpg\" alt=\"\" width=\"247\" height=\"189\" srcset=\"https:\/\/alain-lefebvre-psychologue.com\/wp-content\/uploads\/2017\/11\/white-dove-300x230.jpg 300w, https:\/\/alain-lefebvre-psychologue.com\/wp-content\/uploads\/2017\/11\/white-dove-768x588.jpg 768w, https:\/\/alain-lefebvre-psychologue.com\/wp-content\/uploads\/2017\/11\/white-dove-1024x784.jpg 1024w, https:\/\/alain-lefebvre-psychologue.com\/wp-content\/uploads\/2017\/11\/white-dove-900x689.jpg 900w, https:\/\/alain-lefebvre-psychologue.com\/wp-content\/uploads\/2017\/11\/white-dove-1280x980.jpg 1280w, https:\/\/alain-lefebvre-psychologue.com\/wp-content\/uploads\/2017\/11\/white-dove.jpg 1401w\" sizes=\"auto, (max-width: 247px) 100vw, 247px\" \/> formateurs (Dr C. Henry-Plessier, S. Bellanger, R. Grouard) qui m\u2019ont transmis ce savoir faire particulier. Notamment le r\u00e9\u00e9quilibrage \u00e9motionnel qui donne des r\u00e9sultats qui peuvent \u00eatre imm\u00e9diats avec des techniques pr\u00e9cises agissant en profondeur sur des dimensions vibratoires de l\u2019\u00eatre dont le corps, les pens\u00e9es, les \u00e9motions\u2026. La m\u00e9thode du soin \u00e9nerg\u00e9tique que je propose est de mettre les blocages \u00e0 la lumi\u00e8re pour les r\u00e9soudre. Pour changer de fa\u00e7on permanente, il est n\u00e9cessaire d\u2019aller ensemble chercher la racine, consciente ou inconsciente, du probl\u00e8me (traumatismes, croyances limitatives, projections&#8230;) pour en neutraliser de fa\u00e7on \u00e9nerg\u00e9tique la teneur pathog\u00e8ne. J&rsquo;ai une capacit\u00e9 qui me permet, lorsqu&rsquo;une personne ressent un mal \u00eatre, un stress ou une douleur lorsqu&rsquo;elle pense \u00e0 un \u00e9v\u00e8nement de sa vie ou \u00e0 une croyance qu&rsquo;elle a, de me caler dessus et de l&rsquo;enlever de fa\u00e7on \u00e0 ce que, juste apr\u00e8s, cette personne puisse repenser \u00e0 cet \u00e9v\u00e8nement ou croyance de fa\u00e7on totalement neutre, sans qu&rsquo;il n&rsquo;y plus aucun stress, aucune \u00e9motion d\u00e9sagr\u00e9able et que tout ce qui y \u00e9tait attach\u00e9 \u00e0 cela soit parti.<\/p>\n<p style=\"text-align: justify;\"><span style=\"color: #9660cc;\"><strong>Dans la pratique<\/strong><\/span>, le patient se laisse guider sur la probl\u00e9matique rencontr\u00e9e pour en trouver la source en des croyances erron\u00e9es, n\u00e9gatives comme \u00ab\u00a0je ne m\u2019en sortirai jamais&#8230; \u00bb ou \u00ab\u00a0je suis trop nul(le)\u00a0\u00bb\u2026etc., des \u00e9motions, des projections, qui inscrivent au niveau inconscient des patterns de comportements d\u2019\u00e9checs, de sabotages, de mise en danger, de conflits psychiques qui peuvent conduire \u00e0 des souffrances physiques, des blocages \u00e9motionnels et des maladies. Cette lev\u00e9e \u00e9nerg\u00e9tique des racines des sympt\u00f4mes permet de r\u00e9orienter le sujet vers des voies de gu\u00e9rison et d\u2019harmonisation. Il est difficile de pouvoir \u00e9valuer le temps n\u00e9cessaire mais cela peut \u00eatre tr\u00e8s rapide. Il n&rsquo;y a pas de contact physique pour cette pratique.<\/p>\n<p style=\"text-align: justify;\"><img loading=\"lazy\" decoding=\"async\" class=\"alignleft wp-image-532\" src=\"https:\/\/alain-lefebvre-psychologue.com\/wp-content\/uploads\/2017\/11\/SalesPage2Banner-300x169.jpg\" alt=\"\" width=\"302\" height=\"170\" srcset=\"https:\/\/alain-lefebvre-psychologue.com\/wp-content\/uploads\/2017\/11\/SalesPage2Banner-300x169.jpg 300w, https:\/\/alain-lefebvre-psychologue.com\/wp-content\/uploads\/2017\/11\/SalesPage2Banner-768x432.jpg 768w, https:\/\/alain-lefebvre-psychologue.com\/wp-content\/uploads\/2017\/11\/SalesPage2Banner-1024x576.jpg 1024w, https:\/\/alain-lefebvre-psychologue.com\/wp-content\/uploads\/2017\/11\/SalesPage2Banner-900x506.jpg 900w, https:\/\/alain-lefebvre-psychologue.com\/wp-content\/uploads\/2017\/11\/SalesPage2Banner-1280x720.jpg 1280w, https:\/\/alain-lefebvre-psychologue.com\/wp-content\/uploads\/2017\/11\/SalesPage2Banner.jpg 1600w\" sizes=\"auto, (max-width: 302px) 100vw, 302px\" \/>Aujourd\u2019hui, les d\u00e9couvertes fantastiques des sciences am\u00e8nent de nouvelles th\u00e9ories et, de ce fait, des nouvelles formes de th\u00e9rapies voient le jour. Depuis l\u2019av\u00e8nement de la th\u00e9orie des cordes, les scientifiques ont d\u00e9couvert que \u00ab\u00a0tout est vibrations et \u00e9nergies\u00a0\u00bb (A. Einstein), m\u00eame ce que l\u2019on croyait vide est un formidable vivier d\u2019informations et le pr\u00e9cepte de l\u2019approche quantique est que la mati\u00e8re n\u2019a pas de substance. En ce sens, des ponts ont pu \u00eatre construits vers des savoirs ancestraux et spirituels. Des auteurs \u00e9minents ont pu \u00e9tudier ces prodigieuses avanc\u00e9es (E. Tolle, W. Dyer, G. Braden, P. Guillemant) et t\u00e9moigner de la mise en place de ces nouveaux paradigmes&#8230;.<\/p>\n<hr \/>\n<p><strong><a href=\"http:\/\/alain-lefebvre-psychologue.fr\/index.php\/ma-pratique\/\">Ma pratique<\/a><\/strong>\/ <a href=\"http:\/\/alain-lefebvre-psychologue.fr\/index.php\/hypnose\/\">Hypnose<\/a> \/<\/p>\n<p><strong><a href=\"http:\/\/alain-lefebvre-psychologue.fr\/index.php\/consultations\/\">Tarifs<\/a><br \/>\n<\/strong><\/p>\n<p><strong><a href=\"http:\/\/alain-lefebvre-psychologue.fr\/index.php\/contacts-paiements\/\">Contact\/Rappel gratuit<\/a><\/strong><\/p>\n<p>06.32.16.47.99<\/p>\n<hr \/>\n<p><img loading=\"lazy\" decoding=\"async\" class=\"aligncenter wp-image-537\" src=\"https:\/\/alain-lefebvre-psychologue.com\/wp-content\/uploads\/2017\/11\/file_20161004181947190071930355251-300x150.jpg\" alt=\"\" width=\"576\" height=\"288\" srcset=\"https:\/\/alain-lefebvre-psychologue.com\/wp-content\/uploads\/2017\/11\/file_20161004181947190071930355251-300x150.jpg 300w, https:\/\/alain-lefebvre-psychologue.com\/wp-content\/uploads\/2017\/11\/file_20161004181947190071930355251-768x384.jpg 768w, https:\/\/alain-lefebvre-psychologue.com\/wp-content\/uploads\/2017\/11\/file_20161004181947190071930355251.jpg 800w\" sizes=\"auto, (max-width: 576px) 100vw, 576px\" \/><\/p>\n","protected":false},"excerpt":{"rendered":"<p>L\u2019\u00e9nerg\u00e9tique est un vaste ensemble de moyens th\u00e9rapeutiques bas\u00e9 sur la connaissance des corps \u00e9nerg\u00e9tiques. Consciemment ou non, nous \u00e9voluons dans nos vies avec nos m\u00e9moires qui peuvent \u00eatre douloureuses, nos m\u00e9canismes mentaux, nos croyances, nos liens trans-g\u00e9n\u00e9rationnels&#8230; Tous ces aspects nous conditionnent et d\u00e9terminent en parties nos comportements, nos r\u00e9actions \u00e9motionnelles, et les r\u00e9actions [&hellip;]<\/p>\n","protected":false},"author":1,"featured_media":0,"parent":0,"menu_order":0,"comment_status":"closed","ping_status":"closed","template":"full-width-page-template.php","meta":{"footnotes":""},"class_list":["post-485","page","type-page","status-publish","hentry"],"_links":{"self":[{"href":"https:\/\/alain-lefebvre-psychologue.com\/index.php\/wp-json\/wp\/v2\/pages\/485","targetHints":{"allow":["GET"]}}],"collection":[{"href":"https:\/\/alain-lefebvre-psychologue.com\/index.php\/wp-json\/wp\/v2\/pages"}],"about":[{"href":"https:\/\/alain-lefebvre-psychologue.com\/index.php\/wp-json\/wp\/v2\/types\/page"}],"author":[{"embeddable":true,"href":"https:\/\/alain-lefebvre-psychologue.com\/index.php\/wp-json\/wp\/v2\/users\/1"}],"replies":[{"embeddable":true,"href":"https:\/\/alain-lefebvre-psychologue.com\/index.php\/wp-json\/wp\/v2\/comments?post=485"}],"version-history":[{"count":30,"href":"https:\/\/alain-lefebvre-psychologue.com\/index.php\/wp-json\/wp\/v2\/pages\/485\/revisions"}],"predecessor-version":[{"id":863,"href":"https:\/\/alain-lefebvre-psychologue.com\/index.php\/wp-json\/wp\/v2\/pages\/485\/revisions\/863"}],"wp:attachment":[{"href":"https:\/\/alain-lefebvre-psychologue.com\/index.php\/wp-json\/wp\/v2\/media?parent=485"}],"curies":[{"name":"wp","href":"https:\/\/api.w.org\/{rel}","templated":true}]}}