{"id":20,"date":"2016-08-06T14:26:58","date_gmt":"2016-08-06T13:26:58","guid":{"rendered":"http:\/\/www.alain-lefebvre-psychologue.fr\/blog\/?page_id=20"},"modified":"2024-11-27T22:25:01","modified_gmt":"2024-11-27T21:25:01","slug":"contacts-paiements","status":"publish","type":"page","link":"https:\/\/alain-lefebvre-psychologue.com\/index.php\/contacts-paiements\/","title":{"rendered":"Contact &#038; Paiement"},"content":{"rendered":"<p class=\"text-center cwf-desc\"><span style=\"color: #ff0000;\"><strong>Si vous souhaitez que je vous rappelle, indiquez le dans \u00ab\u00a0votre message\u00a0\u00bb, ci-dessous, en indiquant votre num\u00e9ro de t\u00e9l\u00e9phon<span style=\"color: #ff0000;\">e, <\/span><\/strong><strong>sinon vous pouvez me joindre directement au 06.32.16.47.99.<\/strong> <\/span><\/p>\n<p class=\"text-center cwf-desc\"><span style=\"color: #780de2;\">En cas d\u2019indisponibilit\u00e9, assurez-vous d\u2019\u00e9noncer distinctement vos coordonn\u00e9es sur ma messagerie afin que je puisse vous recontacter. Je vous r\u00e9pondrai dans les plus brefs d\u00e9lais.<\/span><\/p>\n<p class=\"text-center cwf-desc\"><span style=\"color: #780de2;\"><strong>Par \u00e9crit<\/strong>, vous pouvez utiliser <strong>le formulaire d\u00e9taill\u00e9 ci-dessous<\/strong> :<\/span><\/p>\n<p><span style=\"color: #000000;\">\n<div class=\"wpcf7 no-js\" id=\"wpcf7-f428-o1\" lang=\"fr-FR\" dir=\"ltr\" data-wpcf7-id=\"428\">\n<div class=\"screen-reader-response\"><p role=\"status\" aria-live=\"polite\" aria-atomic=\"true\"><\/p> <ul><\/ul><\/div>\n<form action=\"\/index.php\/wp-json\/wp\/v2\/pages\/20#wpcf7-f428-o1\" method=\"post\" class=\"wpcf7-form init\" aria-label=\"Formulaire de contact\" novalidate=\"novalidate\" data-status=\"init\">\n<fieldset class=\"hidden-fields-container\"><input type=\"hidden\" name=\"_wpcf7\" value=\"428\" \/><input type=\"hidden\" name=\"_wpcf7_version\" value=\"6.1.1\" \/><input type=\"hidden\" name=\"_wpcf7_locale\" value=\"fr_FR\" \/><input type=\"hidden\" name=\"_wpcf7_unit_tag\" value=\"wpcf7-f428-o1\" \/><input type=\"hidden\" name=\"_wpcf7_container_post\" value=\"0\" \/><input type=\"hidden\" name=\"_wpcf7_posted_data_hash\" value=\"\" \/><input type=\"hidden\" name=\"_wpcf7_recaptcha_response\" value=\"\" \/>\n<\/fieldset>\n<p><label> Votre nom (obligatoire)<br \/>\n<span class=\"wpcf7-form-control-wrap\" data-name=\"your-name\"><input size=\"40\" maxlength=\"400\" class=\"wpcf7-form-control wpcf7-text wpcf7-validates-as-required\" aria-required=\"true\" aria-invalid=\"false\" value=\"\" type=\"text\" name=\"your-name\" \/><\/span> <\/label>\n<\/p>\n<p><label> Votre e-mail (obligatoire)<br \/>\n<span class=\"wpcf7-form-control-wrap\" data-name=\"your-email\"><input size=\"40\" maxlength=\"400\" class=\"wpcf7-form-control wpcf7-email wpcf7-validates-as-required wpcf7-text wpcf7-validates-as-email\" aria-required=\"true\" aria-invalid=\"false\" value=\"\" type=\"email\" name=\"your-email\" \/><\/span> <\/label>\n<\/p>\n<p><label> Sujet<br \/>\n<span class=\"wpcf7-form-control-wrap\" data-name=\"your-subject\"><input size=\"40\" maxlength=\"400\" class=\"wpcf7-form-control wpcf7-text\" aria-invalid=\"false\" value=\"\" type=\"text\" name=\"your-subject\" \/><\/span> <\/label>\n<\/p>\n<p><label> Votre message<br \/>\n<span class=\"wpcf7-form-control-wrap\" data-name=\"your-message\"><textarea cols=\"40\" rows=\"10\" maxlength=\"2000\" class=\"wpcf7-form-control wpcf7-textarea\" aria-invalid=\"false\" name=\"your-message\"><\/textarea><\/span> <\/label>\n<\/p>\n\n<p><input class=\"wpcf7-form-control wpcf7-submit has-spinner\" type=\"submit\" value=\"Envoyer\" \/>\n<\/p><p style=\"display: none !important;\" class=\"akismet-fields-container\" data-prefix=\"_wpcf7_ak_\"><label>&#916;<textarea name=\"_wpcf7_ak_hp_textarea\" cols=\"45\" rows=\"8\" maxlength=\"100\"><\/textarea><\/label><input type=\"hidden\" id=\"ak_js_1\" name=\"_wpcf7_ak_js\" value=\"180\"\/><script>document.getElementById( \"ak_js_1\" ).setAttribute( \"value\", ( new Date() ).getTime() );<\/script><\/p><div class=\"wpcf7-response-output\" aria-hidden=\"true\"><\/div>\n<\/form>\n<\/div>\n<\/span><\/p>\n<h5><span style=\"color: #8400ff;\">Pour un Rendez-vous par \u00ab\u00a0Doctolib'\u00a0\u00bb:<\/span> <a href=\"https:\/\/www.doctolib.fr\/psychologue\/paris\/alain-lefebvre-new\" target=\"_blank\" rel=\"noopener noreferrer\"><span style=\"color: #ff0000;\">cliquez ICI<\/span><\/a><\/h5>\n<h3 style=\"text-align: center;\"><span style=\"color: #780de2;\">Paiement<\/span><\/h3>\n<p id=\"yui_3_16_0_ym19_1_1477058209523_34567\" class=\"yiv7358416130MsoNormal\" align=\"center\"><span style=\"color: #780de2;\">Vous pouvez proc\u00e9der au r\u00e8glement de vos s\u00e9ances soit au cabinet, ou par virement bancaire, par Mandat cash La Poste, par ch\u00e8que, ou en utilisant la connexion s\u00e9curis\u00e9e Paypal. (tenir compte des d\u00e9lais de confirmation du paiement selon le mode choisi). <\/span><\/p>\n<p class=\"yiv7358416130MsoNormal\" align=\"center\"><span style=\"color: #780de2;\"> <img loading=\"lazy\" decoding=\"async\" class=\"alignleft wp-image-375 size-thumbnail\" src=\"https:\/\/alain-lefebvre-psychologue.com\/wp-content\/uploads\/2016\/08\/ppaypal-150x150.jpg\" alt=\"ppaypal\" width=\"150\" height=\"150\" srcset=\"https:\/\/alain-lefebvre-psychologue.com\/wp-content\/uploads\/2016\/08\/ppaypal-150x150.jpg 150w, https:\/\/alain-lefebvre-psychologue.com\/wp-content\/uploads\/2016\/08\/ppaypal-88x88.jpg 88w\" sizes=\"auto, (max-width: 150px) 100vw, 150px\" \/><\/span><\/p>\n<p class=\"yiv7358416130MsoNormal\" style=\"text-align: left;\" align=\"center\"><span style=\"text-decoration: underline; color: #3366ff;\">\u00a0<\/span><\/p>\n<form action=\"https:\/\/www.paypal.com\/cgi-bin\/webscr\" method=\"post\" target=\"_top\"><input alt=\"PayPal, le r\u00e9flexe s\u00e9curit\u00e9 pour payer en ligne\" name=\"submit\" src=\"https:\/\/www.paypalobjects.com\/fr_FR\/FR\/i\/btn\/btn_paynowCC_LG.gif\" type=\"image\" \/><\/form>\n<p style=\"text-align: center;\"><strong>\u00a0<\/strong><\/p>\n<p style=\"text-align: center;\"><span style=\"color: #780de2;\">Excellente journ\u00e9e, merci de votre visite et \u00e0 bient\u00f4t.<\/span><\/p>\n<p style=\"text-align: right;\"><img loading=\"lazy\" decoding=\"async\" class=\"aligncenter wp-image-371 size-full\" src=\"https:\/\/alain-lefebvre-psychologue.com\/wp-content\/uploads\/2016\/08\/10603666_762977263785096_4009633073760252787_n.jpg\" alt=\"oceancolors\" width=\"960\" height=\"600\" srcset=\"https:\/\/alain-lefebvre-psychologue.com\/wp-content\/uploads\/2016\/08\/10603666_762977263785096_4009633073760252787_n.jpg 960w, https:\/\/alain-lefebvre-psychologue.com\/wp-content\/uploads\/2016\/08\/10603666_762977263785096_4009633073760252787_n-300x188.jpg 300w, https:\/\/alain-lefebvre-psychologue.com\/wp-content\/uploads\/2016\/08\/10603666_762977263785096_4009633073760252787_n-768x480.jpg 768w, https:\/\/alain-lefebvre-psychologue.com\/wp-content\/uploads\/2016\/08\/10603666_762977263785096_4009633073760252787_n-900x563.jpg 900w\" sizes=\"auto, (max-width: 960px) 100vw, 960px\" \/><\/p>\n","protected":false},"excerpt":{"rendered":"<p>Si vous souhaitez que je vous rappelle, indiquez le dans \u00ab\u00a0votre message\u00a0\u00bb, ci-dessous, en indiquant votre num\u00e9ro de t\u00e9l\u00e9phone, sinon vous pouvez me joindre directement au 06.32.16.47.99. En cas d\u2019indisponibilit\u00e9, assurez-vous d\u2019\u00e9noncer distinctement vos coordonn\u00e9es sur ma messagerie afin que je puisse vous recontacter. Je vous r\u00e9pondrai dans les plus brefs d\u00e9lais. Par \u00e9crit, vous [&hellip;]<\/p>\n","protected":false},"author":1,"featured_media":0,"parent":0,"menu_order":0,"comment_status":"closed","ping_status":"closed","template":"full-width-page-template.php","meta":{"footnotes":""},"class_list":["post-20","page","type-page","status-publish","hentry"],"_links":{"self":[{"href":"https:\/\/alain-lefebvre-psychologue.com\/index.php\/wp-json\/wp\/v2\/pages\/20","targetHints":{"allow":["GET"]}}],"collection":[{"href":"https:\/\/alain-lefebvre-psychologue.com\/index.php\/wp-json\/wp\/v2\/pages"}],"about":[{"href":"https:\/\/alain-lefebvre-psychologue.com\/index.php\/wp-json\/wp\/v2\/types\/page"}],"author":[{"embeddable":true,"href":"https:\/\/alain-lefebvre-psychologue.com\/index.php\/wp-json\/wp\/v2\/users\/1"}],"replies":[{"embeddable":true,"href":"https:\/\/alain-lefebvre-psychologue.com\/index.php\/wp-json\/wp\/v2\/comments?post=20"}],"version-history":[{"count":73,"href":"https:\/\/alain-lefebvre-psychologue.com\/index.php\/wp-json\/wp\/v2\/pages\/20\/revisions"}],"predecessor-version":[{"id":873,"href":"https:\/\/alain-lefebvre-psychologue.com\/index.php\/wp-json\/wp\/v2\/pages\/20\/revisions\/873"}],"wp:attachment":[{"href":"https:\/\/alain-lefebvre-psychologue.com\/index.php\/wp-json\/wp\/v2\/media?parent=20"}],"curies":[{"name":"wp","href":"https:\/\/api.w.org\/{rel}","templated":true}]}}