{"id":112,"date":"2016-09-10T13:28:54","date_gmt":"2016-09-10T12:28:54","guid":{"rendered":"http:\/\/www.alain-lefebvre-psychologue.fr\/?page_id=112"},"modified":"2024-11-27T22:25:20","modified_gmt":"2024-11-27T21:25:20","slug":"ateliers-archetypes","status":"publish","type":"page","link":"https:\/\/alain-lefebvre-psychologue.com\/index.php\/ateliers-archetypes\/","title":{"rendered":"Ateliers"},"content":{"rendered":"<p style=\"text-align: center;\"><img loading=\"lazy\" decoding=\"async\" class=\"alignright wp-image-575 size-thumbnail\" src=\"https:\/\/alain-lefebvre-psychologue.com\/wp-content\/uploads\/2016\/09\/Logok-150x150.png\" alt=\"logo d&amp;s\" width=\"150\" height=\"150\" srcset=\"https:\/\/alain-lefebvre-psychologue.com\/wp-content\/uploads\/2016\/09\/Logok-150x150.png 150w, https:\/\/alain-lefebvre-psychologue.com\/wp-content\/uploads\/2016\/09\/Logok-88x88.png 88w\" sizes=\"auto, (max-width: 150px) 100vw, 150px\" \/><\/p>\n<h3 style=\"text-align: center;\"><span style=\"color: #ff0000;\"><strong>Atelier &#8211; Groupe de paroles<br \/>\n<\/strong><\/span><\/h3>\n<h3 style=\"text-align: center;\"><span style=\"color: #ff0000;\"><strong>Devenez le H\u00e9ros-H\u00e9ro\u00efne de votre vie<\/strong><\/span><\/h3>\n<p style=\"text-align: center;\"><strong>Vivez-vous la vie qui correspond \u00e0 qui vous \u00eates vraiment\u00a0?<br \/>\nVoulez-vous mieux vous conna\u00eetre et d\u00e9velopper vos capacit\u00e9s\u00a0? <\/strong><br \/>\n<strong>Voulez-vous savoir ce qui vous pousse \u00e0 agir comme vous le faites\u00a0?<\/strong><\/p>\n<p style=\"text-align: justify;\">Dans un climat de confiance et de convivialit\u00e9 d&rsquo;un petit groupe de paroles, vous avez la possibilit\u00e9 de d\u00e9couvrir, de mettre en place des solutions positives et concr\u00e8tes pour d\u00e9couvrir l&rsquo;EXTRA de votre ordinaire par une approche ludique de 12 Arch\u00e9types.<\/p>\n<p style=\"text-align: center;\"><span style=\"color: #ff0000;\"><strong>\u00a0C<\/strong><\/span><strong><span style=\"color: #ff0000;\">es Ateliers ARCH\u00c9TYPES<\/span> vous permettront progressivement de:<br \/>\n<\/strong><\/p>\n<p><strong><img loading=\"lazy\" decoding=\"async\" class=\"alignleft wp-image-593 size-medium\" src=\"https:\/\/alain-lefebvre-psychologue.com\/wp-content\/uploads\/2018\/02\/roue_des_archetypes-300x292.jpg\" alt=\"\" width=\"300\" height=\"292\" srcset=\"https:\/\/alain-lefebvre-psychologue.com\/wp-content\/uploads\/2018\/02\/roue_des_archetypes-300x292.jpg 300w, https:\/\/alain-lefebvre-psychologue.com\/wp-content\/uploads\/2018\/02\/roue_des_archetypes-768x748.jpg 768w, https:\/\/alain-lefebvre-psychologue.com\/wp-content\/uploads\/2018\/02\/roue_des_archetypes-1024x998.jpg 1024w, https:\/\/alain-lefebvre-psychologue.com\/wp-content\/uploads\/2018\/02\/roue_des_archetypes-900x877.jpg 900w, https:\/\/alain-lefebvre-psychologue.com\/wp-content\/uploads\/2018\/02\/roue_des_archetypes-1280x1247.jpg 1280w\" sizes=\"auto, (max-width: 300px) 100vw, 300px\" \/>&#8211; d\u00e9passer vos blocages,<\/strong><br \/>\n<strong>&#8211; optimiser\u00a0vos ressources<\/strong><br \/>\n<strong>&#8211; cr\u00e9er de nouvelles voies,<\/strong><br \/>\n<strong>&#8211; approfondir votre intuition,<\/strong><br \/>\n<strong>en alliant connaissances, pratiques et questionnements.<\/strong><\/p>\n<p style=\"text-align: justify;\">Les arch\u00e9types sont des outils puissants que l\u2019on peut utiliser dans le d\u00e9veloppement personnel. Ils servent d&rsquo;agents de transformation, ils modifient inconsciemment notre structure psychique et nos \u00e9nergies.<\/p>\n<p style=\"text-align: justify;\">Dans les mythologies, les contes et les scenarii modernes, les \u00e9preuves ont pour buts de faire \u00e9voluer la conscience du voyageur ou du h\u00e9ros qui nous repr\u00e9sente ou auxquels nous sommes amen\u00e9s \u00e0 nous identifier. Nous portons tous en nous ces \u00ab mod\u00e8les de comportements \u00bb qui sont rattach\u00e9s \u00e0 l\u2019inconscient collectif depuis l\u2019aube de l\u2019humanit\u00e9. La possibilit\u00e9 de les revisiter, de se les approprier, de s\u2019en distancer, permet de renforcer nos identit\u00e9s, de donner un sens \u00e0 nos existences et de vivre la vie originale et riche de nos destins. Ce n\u2019est pas simplement entreprendre l&rsquo;am\u00e9lioration de soi, mais c\u2019est trouver des voies authentiques de ce qui est vrai et bon pour soi dans notre qu\u00eate de v\u00e9rit\u00e9 et d\u2019amour. Nous \u00e9prouvons les arch\u00e9types chacun en lien avec notre propre but, notre propre sensibilit\u00e9. Par exemple, \u00ab les guides int\u00e9rieurs \u00bb sont des arch\u00e9types qui accompagnent depuis toujours les \u00eatres humains dans leur croissance et leur chemin de vie.<\/p>\n<p style=\"text-align: justify;\">Chaque arch\u00e9type d\u00e9finit un ensemble de caract\u00e9ristiques, de qualit\u00e9s et de d\u00e9fauts, de ressources et d\u2019ombres, avec une mission \u00e0 remplir, des objectifs \u00e0 atteindre, des d\u00e9fis, des valeurs et des croyances sp\u00e9cifiques qui permettent une \u00e9volution et donnent acc\u00e8s \u00e0 des capacit\u00e9s pour faire de nouveaux apprentissages, mais aussi pour nous d\u00e9faire de \u00abmod\u00e8les\u00bb, de sch\u00e9mas n\u00e9gatifs qui nous emprisonnent, nous freinent, nous brident et nous rendent malheureux.<\/p>\n<p style=\"text-align: justify;\">En prendre conscience, en \u00e9vitant leurs travers et en optimisant leurs potentiels de joies et d\u2019accomplissements, remet en jeu ces dynamiques inconscientes en les orientant vers des voies de lib\u00e9ration et de sagesse. C\u2019est en renouant avec ces forces intimes, toujours pr\u00e9sentes, m\u00eame si rejet\u00e9es ou refoul\u00e9es, et en entreprenant une qu\u00eate int\u00e9rieure \u00e9clair\u00e9e, que notre h\u00e9ros personnel se donne plus de vitalit\u00e9 et contribue \u00e0 rendre meilleur le monde auquel il appartient pour nous m\u00eame et les autres.<\/p>\n<p style=\"text-align: justify;\">Pour aller plus loin, participez \u00e0 un stage pour un voyage int\u00e9rieur de 6 ateliers ind\u00e9pendants sur la th\u00e9matique de 12 Arch\u00e9types (sous forme de cercle de paroles: 8 \u00e0 10 participants maxi) avec des exercices pratiques et des actes concrets.<\/p>\n<p><strong><span style=\"color: #99cc00;\">Inscrivez-vous, (nombre de places limit\u00e9es)<\/span> <\/strong><br \/>\nPour nous contacter: cliquez ici <strong><a href=\"http:\/\/alain-lefebvre-psychologue.fr\/index.php\/contacts-paiements\/\">Contact<\/a> <\/strong><br \/>\nou envoyer un mail \u00e0 <strong><a href=\"mailto:danseetsens971@gmail.com\">danseetsens971@gmail.com<\/a><\/strong><\/p>\n<p style=\"text-align: left;\"><strong>le vendredi 15 mars de 19h \u00e0 22h,<br \/>\n<\/strong><\/p>\n<p><strong>le mardi 9 avril, de 18h30 \u00e0 21h30,<\/strong><\/p>\n<p><strong>le mercredi 22 mai de 19h00 \u00e0 22h00<\/strong><\/p>\n<p style=\"text-align: left;\"><strong>et le samedi 14 septembre<\/strong><strong> 2019 de 10H30 \u00e0 13h30<br \/>\n<\/strong><\/p>\n<p style=\"text-align: left;\"><span style=\"color: #1ed424;\">(Des dates suppl\u00e9mentaires sont envisageables selon la demande)<\/span><\/p>\n<p style=\"text-align: left;\"><img loading=\"lazy\" decoding=\"async\" class=\" wp-image-113 alignleft\" src=\"http:\/\/alain-lefebvre-psychologue.fr\/wp-content\/uploads\/2016\/09\/danseur3.jpg\" alt=\"danseur3\" width=\"209\" height=\"129\" \/><strong>Tarifs:<\/strong> 45\u20ac\/personne<\/p>\n<p>ou 30\u20ac\/pers. si vous venez \u00e0 deux<\/p>\n<p style=\"text-align: left;\"><u>Lieu\u00a0<\/u>: Place d\u2019Italie Paris 13<sup>\u00e8me<\/sup><\/p>\n<p style=\"text-align: left;\">Pour toute information compl\u00e9mentaire et inscription, il vous suffit de nous appeler:<br \/>\nLisa BOOT, (06.68.85.09.00), \u00e9nerg\u00e9ticienne, enseignante Hatha-yoga<br \/>\nIsabelle DRILLET, (06.44.88.55.60), sophrologue<br \/>\nAlain LEFEBVRE, (06.32.16.47.99), psychologue, hypnoth\u00e9rapeute, EMDR<\/p>\n<p><img loading=\"lazy\" decoding=\"async\" class=\"aligncenter wp-image-102 size-full\" src=\"https:\/\/alain-lefebvre-psychologue.com\/wp-content\/uploads\/2016\/08\/uptothesky.jpg\" alt=\"uptothesky\" width=\"1600\" height=\"960\" srcset=\"https:\/\/alain-lefebvre-psychologue.com\/wp-content\/uploads\/2016\/08\/uptothesky.jpg 1600w, https:\/\/alain-lefebvre-psychologue.com\/wp-content\/uploads\/2016\/08\/uptothesky-300x180.jpg 300w, https:\/\/alain-lefebvre-psychologue.com\/wp-content\/uploads\/2016\/08\/uptothesky-768x461.jpg 768w, https:\/\/alain-lefebvre-psychologue.com\/wp-content\/uploads\/2016\/08\/uptothesky-1024x614.jpg 1024w, https:\/\/alain-lefebvre-psychologue.com\/wp-content\/uploads\/2016\/08\/uptothesky-900x540.jpg 900w, https:\/\/alain-lefebvre-psychologue.com\/wp-content\/uploads\/2016\/08\/uptothesky-1280x768.jpg 1280w\" sizes=\"auto, (max-width: 1600px) 100vw, 1600px\" \/><\/p>\n<p>\u00e0 tr\u00e8s bient\u00f4t&#8230;<\/p>\n","protected":false},"excerpt":{"rendered":"<p>Atelier &#8211; Groupe de paroles Devenez le H\u00e9ros-H\u00e9ro\u00efne de votre vie Vivez-vous la vie qui correspond \u00e0 qui vous \u00eates vraiment\u00a0? Voulez-vous mieux vous conna\u00eetre et d\u00e9velopper vos capacit\u00e9s\u00a0? Voulez-vous savoir ce qui vous pousse \u00e0 agir comme vous le faites\u00a0? Dans un climat de confiance et de convivialit\u00e9 d&rsquo;un petit groupe de paroles, vous [&hellip;]<\/p>\n","protected":false},"author":1,"featured_media":0,"parent":0,"menu_order":0,"comment_status":"closed","ping_status":"closed","template":"full-width-page-template.php","meta":{"footnotes":""},"class_list":["post-112","page","type-page","status-publish","hentry"],"_links":{"self":[{"href":"https:\/\/alain-lefebvre-psychologue.com\/index.php\/wp-json\/wp\/v2\/pages\/112","targetHints":{"allow":["GET"]}}],"collection":[{"href":"https:\/\/alain-lefebvre-psychologue.com\/index.php\/wp-json\/wp\/v2\/pages"}],"about":[{"href":"https:\/\/alain-lefebvre-psychologue.com\/index.php\/wp-json\/wp\/v2\/types\/page"}],"author":[{"embeddable":true,"href":"https:\/\/alain-lefebvre-psychologue.com\/index.php\/wp-json\/wp\/v2\/users\/1"}],"replies":[{"embeddable":true,"href":"https:\/\/alain-lefebvre-psychologue.com\/index.php\/wp-json\/wp\/v2\/comments?post=112"}],"version-history":[{"count":36,"href":"https:\/\/alain-lefebvre-psychologue.com\/index.php\/wp-json\/wp\/v2\/pages\/112\/revisions"}],"predecessor-version":[{"id":875,"href":"https:\/\/alain-lefebvre-psychologue.com\/index.php\/wp-json\/wp\/v2\/pages\/112\/revisions\/875"}],"wp:attachment":[{"href":"https:\/\/alain-lefebvre-psychologue.com\/index.php\/wp-json\/wp\/v2\/media?parent=112"}],"curies":[{"name":"wp","href":"https:\/\/api.w.org\/{rel}","templated":true}]}}